{"id":83,"date":"2023-07-26T13:18:45","date_gmt":"2023-07-26T13:18:45","guid":{"rendered":"https:\/\/learningcommunity.cl\/wp\/?page_id=83"},"modified":"2025-10-14T12:35:39","modified_gmt":"2025-10-14T12:35:39","slug":"servicios-2","status":"publish","type":"page","link":"https:\/\/learningcommunity.cl\/wp\/?page_id=83","title":{"rendered":"Curr\u00edculo"},"content":{"rendered":"\n[et_pb_section fb_built=&#8221;1&#8243; fullwidth=&#8221;on&#8221; admin_label=&#8221;Header&#8221; _builder_version=&#8221;4.27.3&#8243; use_background_color_gradient=&#8221;on&#8221; background_color_gradient_direction=&#8221;163deg&#8221; background_color_gradient_stops=&#8221;#ffffff 50%|rgba(0,0,0,0.02) 50%&#8221; background_color_gradient_start=&#8221;#ffffff&#8221; background_color_gradient_start_position=&#8221;50%&#8221; background_color_gradient_end=&#8221;rgba(0,0,0,0.02)&#8221; background_color_gradient_end_position=&#8221;0%&#8221; background_image=&#8221;https:\/\/learningcommunity.cl\/wp\/wp-content\/uploads\/2023\/07\/web-dev-03.png&#8221; parallax=&#8221;on&#8221; z_index=&#8221;500&#8243; min_height=&#8221;294px&#8221; height=&#8221;100px&#8221; max_height=&#8221;100px&#8221; custom_margin=&#8221;||-18px||false|false&#8221; custom_padding=&#8221;||0px|||&#8221; animation_style=&#8221;fade&#8221; global_colors_info=&#8221;{}&#8221;][et_pb_fullwidth_header title=&#8221;Soluciones Personalizadas para tu Crecimiento.&#8221; subhead=&#8221;Conversemos&#8221; button_one_text=&#8221;Portafolio&#8221; admin_label=&#8221;Fullwidth Header&#8221; _builder_version=&#8221;4.27.3&#8243; _module_preset=&#8221;default&#8221; min_height=&#8221;1000px&#8221; button_one_letter_spacing_hover=&#8221;2px&#8221; button_two_letter_spacing_hover=&#8221;2px&#8221; global_colors_info=&#8221;{}&#8221; button_one_text_size__hover_enabled=&#8221;off&#8221; button_two_text_size__hover_enabled=&#8221;off&#8221; button_one_text_color__hover_enabled=&#8221;off&#8221; button_two_text_color__hover_enabled=&#8221;off&#8221; button_one_border_width__hover_enabled=&#8221;off&#8221; button_two_border_width__hover_enabled=&#8221;off&#8221; button_one_border_color__hover_enabled=&#8221;off&#8221; button_two_border_color__hover_enabled=&#8221;off&#8221; button_one_border_radius__hover_enabled=&#8221;off&#8221; button_two_border_radius__hover_enabled=&#8221;off&#8221; button_one_bg_color__hover_enabled=&#8221;off&#8221; button_two_bg_color__hover_enabled=&#8221;off&#8221;][\/et_pb_fullwidth_header][et_pb_fullwidth_image src=&#8221;https:\/\/learningcommunity.cl\/wp\/wp-content\/uploads\/2024\/11\/logo1.png&#8221; title_text=&#8221;logo1&#8243; _builder_version=&#8221;4.27.3&#8243; _module_preset=&#8221;default&#8221; position_origin_a=&#8221;top_right&#8221; vertical_offset=&#8221;250px&#8221; horizontal_offset=&#8221;-240px&#8221; z_index=&#8221;-110&#8243; width=&#8221;30%&#8221; max_width=&#8221;11%&#8221; module_alignment=&#8221;right&#8221; min_height=&#8221;100px&#8221; height=&#8221;195px&#8221; max_height=&#8221;100px&#8221; custom_margin=&#8221;||100px||false|false&#8221; custom_padding=&#8221;||0px|||&#8221; global_colors_info=&#8221;{}&#8221;][\/et_pb_fullwidth_image][\/et_pb_section][et_pb_section fb_built=&#8221;1&#8243; fullwidth=&#8221;on&#8221; theme_builder_area=&#8221;post_content&#8221; _builder_version=&#8221;4.27.3&#8243; _module_preset=&#8221;default&#8221;][\/et_pb_section][et_pb_section fb_built=&#8221;1&#8243; theme_builder_area=&#8221;post_content&#8221; _builder_version=&#8221;4.27.3&#8243; _module_preset=&#8221;default&#8221;][\/et_pb_section][et_pb_section fb_built=&#8221;1&#8243; theme_builder_area=&#8221;post_content&#8221; _builder_version=&#8221;4.27.3&#8243; _module_preset=&#8221;default&#8221;][\/et_pb_section][et_pb_section fb_built=&#8221;1&#8243; theme_builder_area=&#8221;post_content&#8221; _builder_version=&#8221;4.27.3&#8243; _module_preset=&#8221;default&#8221;][\/et_pb_section][et_pb_section fb_built=&#8221;1&#8243; theme_builder_area=&#8221;post_content&#8221; _builder_version=&#8221;4.27.3&#8243; _module_preset=&#8221;default&#8221;][\/et_pb_section][et_pb_section fb_built=&#8221;1&#8243; theme_builder_area=&#8221;post_content&#8221; _builder_version=&#8221;4.27.3&#8243; _module_preset=&#8221;default&#8221;][\/et_pb_section][et_pb_section fb_built=&#8221;1&#8243; theme_builder_area=&#8221;post_content&#8221; _builder_version=&#8221;4.27.3&#8243; _module_preset=&#8221;default&#8221;][\/et_pb_section][et_pb_section fb_built=&#8221;1&#8243; admin_label=&#8221;Services&#8221; _builder_version=&#8221;4.27.3&#8243; custom_margin=&#8221;5px||5px||true|false&#8221; global_colors_info=&#8221;{}&#8221;][et_pb_row column_structure=&#8221;3_5,2_5&#8243; make_equal=&#8221;on&#8221; padding_top_bottom_link_1=&#8221;true&#8221; padding_top_bottom_link_2=&#8221;false&#8221; _builder_version=&#8221;4.27.3&#8243; transform_translate=&#8221;-46px|-4px&#8221; vertical_offset=&#8221;100px&#8221; horizontal_offset=&#8221;60px&#8221; width=&#8221;60%&#8221; max_width=&#8221;1100px&#8221; module_alignment=&#8221;center&#8221; min_height=&#8221;367px&#8221; height=&#8221;548px&#8221; max_height=&#8221;402px&#8221; custom_margin=&#8221;40px||89px||false|false&#8221; custom_padding=&#8221;0|0px|0|0px|true|false&#8221; animation_style=&#8221;slide&#8221; animation_direction=&#8221;right&#8221; animation_intensity_slide=&#8221;1%&#8221; box_shadow_style=&#8221;preset4&#8243; box_shadow_horizontal=&#8221;-780px&#8221; box_shadow_vertical=&#8221;0px&#8221; box_shadow_color=&#8221;#f5f6f9&#8243; global_colors_info=&#8221;{}&#8221;][et_pb_column type=&#8221;3_5&#8243; _builder_version=&#8221;4.16&#8243; use_background_color_gradient=&#8221;on&#8221; background_color_gradient_direction=&#8221;90deg&#8221; background_color_gradient_stops=&#8221;#f5f6f9 50%|rgba(245,246,249,0) 50%&#8221; background_color_gradient_start=&#8221;#f5f6f9&#8243; background_color_gradient_start_position=&#8221;50%&#8221; background_color_gradient_end=&#8221;rgba(245,246,249,0)&#8221; background_color_gradient_end_position=&#8221;0%&#8221; custom_padding=&#8221;60px||60px|&#8221; global_colors_info=&#8221;{}&#8221; custom_padding__hover=&#8221;|||&#8221;][et_pb_image src=&#8221;https:\/\/learningcommunity.cl\/wp\/wp-content\/uploads\/2024\/11\/paper-business-finance-document-office-aerial-1434873-pxhere.com_.jpg&#8221; title_text=&#8221;paper-business-finance-document-office-aerial-1434873-pxhere.com&#8221; align=&#8221;center&#8221; align_tablet=&#8221;center&#8221; align_phone=&#8221;&#8221; align_last_edited=&#8221;on|desktop&#8221; _builder_version=&#8221;4.27.3&#8243; custom_margin=&#8221;|||-20%&#8221; custom_margin_tablet=&#8221;|||-10%&#8221; custom_margin_phone=&#8221;|||&#8221; custom_margin_last_edited=&#8221;on|phone&#8221; locked=&#8221;off&#8221; global_colors_info=&#8221;{}&#8221;][\/et_pb_image][\/et_pb_column][et_pb_column type=&#8221;2_5&#8243; _builder_version=&#8221;4.16&#8243; custom_padding=&#8221;80px||40px|&#8221; custom_padding_tablet=&#8221;0px|||&#8221; custom_padding_phone=&#8221;&#8221; custom_padding_last_edited=&#8221;on|desktop&#8221; global_colors_info=&#8221;{}&#8221; padding_tablet=&#8221;0px|||&#8221; padding_last_edited=&#8221;on|desktop&#8221; custom_padding__hover=&#8221;|||&#8221; padding_phone=&#8221;0px|||&#8221;][et_pb_text _builder_version=&#8221;4.27.3&#8243; text_font=&#8221;||||||||&#8221; text_line_height=&#8221;2em&#8221; header_font=&#8221;||||||||&#8221; header_3_font=&#8221;Lato|900|||||||&#8221; header_3_font_size=&#8221;35px&#8221; header_3_line_height=&#8221;1.5em&#8221; header_4_font=&#8221;Lato|700||on|||||&#8221; header_4_text_color=&#8221;rgba(12,12,12,0.27)&#8221; header_4_font_size=&#8221;13px&#8221; header_4_letter_spacing=&#8221;3px&#8221; header_4_line_height=&#8221;1.8em&#8221; z_index=&#8221;-179&#8243; header_3_font_size_tablet=&#8221;&#8221; header_3_font_size_phone=&#8221;25px&#8221; header_3_font_size_last_edited=&#8221;on|phone&#8221; locked=&#8221;off&#8221; global_colors_info=&#8221;{}&#8221;]<h4>Website Development<\/h4>\n<h3><strong>Asesor\u00edas en Gesti\u00f3n Administrativa<\/strong>:<\/h3>\n<p>Optimizaci\u00f3n de procesos organizacionales para empresas e instituciones.<br \/> Implementaci\u00f3n de estrategias de liderazgo y manejo de equipos.<\/p>[\/et_pb_text][\/et_pb_column][\/et_pb_row][\/et_pb_section][et_pb_section fb_built=&#8221;1&#8243; _builder_version=&#8221;4.27.3&#8243; _module_preset=&#8221;default&#8221; global_colors_info=&#8221;{}&#8221;][\/et_pb_section][et_pb_section fb_built=&#8221;1&#8243; _builder_version=&#8221;4.27.3&#8243; _module_preset=&#8221;default&#8221; global_colors_info=&#8221;{}&#8221;][\/et_pb_section][et_pb_section fb_built=&#8221;1&#8243; _builder_version=&#8221;4.27.3&#8243; _module_preset=&#8221;default&#8221; global_colors_info=&#8221;{}&#8221;][\/et_pb_section][et_pb_section fb_built=&#8221;1&#8243; admin_label=&#8221;Packages&#8221; _builder_version=&#8221;4.16&#8243; global_colors_info=&#8221;{}&#8221;][et_pb_row column_structure=&#8221;2_5,3_5&#8243; make_equal=&#8221;on&#8221; padding_top_bottom_link_1=&#8221;false&#8221; padding_top_bottom_link_2=&#8221;true&#8221; _builder_version=&#8221;4.27.3&#8243; vertical_offset=&#8221;-5px&#8221; horizontal_offset=&#8221;60px&#8221; z_index=&#8221;238&#8243; width=&#8221;60%&#8221; max_width=&#8221;1100px&#8221; module_alignment=&#8221;center&#8221; min_height=&#8221;410.3px&#8221; height=&#8221;418px&#8221; max_height=&#8221;100px&#8221; custom_margin=&#8221;-65px|auto|-44px|auto|false|false&#8221; custom_padding=&#8221;0px|0px|0px|0px|true|false&#8221; animation_style=&#8221;slide&#8221; animation_direction=&#8221;left&#8221; animation_intensity_slide=&#8221;1%&#8221; hover_transition_duration=&#8221;500ms&#8221; box_shadow_style=&#8221;preset4&#8243; box_shadow_horizontal=&#8221;780px&#8221; box_shadow_vertical=&#8221;0px&#8221; box_shadow_color=&#8221;#f5f6f9&#8243; global_colors_info=&#8221;{}&#8221;][et_pb_column type=&#8221;2_5&#8243; _builder_version=&#8221;4.16&#8243; custom_padding=&#8221;80px||40px|&#8221; custom_padding_tablet=&#8221;0px|||&#8221; custom_padding_phone=&#8221;&#8221; custom_padding_last_edited=&#8221;on|tablet&#8221; global_colors_info=&#8221;{}&#8221; padding_tablet=&#8221;0px|||&#8221; padding_last_edited=&#8221;on|tablet&#8221; custom_padding__hover=&#8221;|||&#8221; padding_phone=&#8221;0px|||&#8221;][et_pb_text _builder_version=&#8221;4.27.3&#8243; text_font=&#8221;||||||||&#8221; text_line_height=&#8221;2em&#8221; header_font=&#8221;||||||||&#8221; header_3_font=&#8221;Lato|900|||||||&#8221; header_3_font_size=&#8221;35px&#8221; header_3_line_height=&#8221;1.5em&#8221; header_4_font=&#8221;Lato|700||on|||||&#8221; header_4_text_color=&#8221;rgba(12,12,12,0.27)&#8221; header_4_font_size=&#8221;13px&#8221; header_4_letter_spacing=&#8221;3px&#8221; header_4_line_height=&#8221;1.8em&#8221; custom_margin=&#8221;||-11px|-87px|false|false&#8221; custom_padding=&#8221;||0px|0px||&#8221; header_3_font_size_tablet=&#8221;&#8221; header_3_font_size_phone=&#8221;25px&#8221; header_3_font_size_last_edited=&#8221;on|desktop&#8221; global_colors_info=&#8221;{}&#8221;]<h3><strong>Formaci\u00f3n en Inteligencia Emocional y Coaching<\/strong>:<\/h3>\n<div class=\"et_pb_text_inner\">\n<div data-shortcode-id=\"1.2.0.1-1732553519272\" data-quickaccess-editable=\"yes\" class=\"et-fb-popover-tinymce\"><\/div>\n<\/div>\n<p>&nbsp;<\/p>\n<ul>\n<li>Talleres para desarrollar competencias emocionales en equipos de trabajo.<\/li>\n<li>Coaching e inteligencia emocional.<\/li>\n<li>Sesiones para potenciar habilidades docentes y mejorar la convivencia escolar.<\/li>\n<li>Estrategias basadas en inteligencia emocional y programaci\u00f3n neuroling\u00fc\u00edstica.<\/li>\n<\/ul>[\/et_pb_text][\/et_pb_column][et_pb_column type=&#8221;3_5&#8243; _builder_version=&#8221;4.16&#8243; use_background_color_gradient=&#8221;on&#8221; background_color_gradient_direction=&#8221;90deg&#8221; background_color_gradient_stops=&#8221;rgba(245,246,249,0) 50%|#f5f6f9 50%&#8221; background_color_gradient_start=&#8221;rgba(245,246,249,0)&#8221; background_color_gradient_start_position=&#8221;50%&#8221; background_color_gradient_end=&#8221;#f5f6f9&#8243; background_color_gradient_end_position=&#8221;0%&#8221; custom_padding=&#8221;60px||60px|&#8221; global_colors_info=&#8221;{}&#8221; custom_padding__hover=&#8221;|||&#8221;][et_pb_image src=&#8221;https:\/\/learningcommunity.cl\/wp\/wp-content\/uploads\/2024\/11\/design-sea-panoramic-landscape-bright-people-1435587-pxhere.com_.jpg&#8221; title_text=&#8221;design-sea-panoramic-landscape-bright-people-1435587-pxhere.com&#8221; url=&#8221;https:\/\/img.freepik.com\/foto-gratis\/todos-sonrien-escuchan-grupo-personas-conferencia-negocios-aula-moderna-dia_146671-16288.jpg?t=st=1732553920~exp=1732557520~hmac=1005ee97d189c54b3409cea1b699a7e1411495593026bb2a7516ef67d5056793&#038;w=996&#8243; align_tablet=&#8221;center&#8221; align_phone=&#8221;&#8221; align_last_edited=&#8221;on|desktop&#8221; _builder_version=&#8221;4.27.3&#8243; positioning=&#8221;relative&#8221; vertical_offset=&#8221;112px&#8221; horizontal_offset=&#8221;60px&#8221; z_index=&#8221;50&#8243; width=&#8221;100%&#8221; custom_margin=&#8221;|-20%||&#8221; custom_margin_tablet=&#8221;|-10%||&#8221; custom_margin_phone=&#8221;|||&#8221; custom_margin_last_edited=&#8221;on|phone&#8221; animation_style=&#8221;slide&#8221; animation_direction=&#8221;left&#8221; animation_intensity_slide=&#8221;5%&#8221; global_colors_info=&#8221;{}&#8221;][\/et_pb_image][\/et_pb_column][\/et_pb_row][et_pb_row _builder_version=&#8221;4.27.3&#8243; _module_preset=&#8221;default&#8221; global_colors_info=&#8221;{}&#8221;][et_pb_column type=&#8221;4_4&#8243; _builder_version=&#8221;4.27.3&#8243; _module_preset=&#8221;default&#8221; global_colors_info=&#8221;{}&#8221;][et_pb_accordion _builder_version=&#8221;4.27.3&#8243; _module_preset=&#8221;default&#8221; global_colors_info=&#8221;{}&#8221;][\/et_pb_accordion][\/et_pb_column][\/et_pb_row][\/et_pb_section][et_pb_section fb_built=&#8221;1&#8243; admin_label=&#8221;Packages&#8221; _builder_version=&#8221;4.16&#8243; global_colors_info=&#8221;{}&#8221;][et_pb_row _builder_version=&#8221;4.16&#8243; max_width=&#8221;1280px&#8221; use_custom_width=&#8221;on&#8221; custom_width_px=&#8221;1280px&#8221; global_colors_info=&#8221;{}&#8221;][et_pb_column type=&#8221;4_4&#8243; _builder_version=&#8221;4.16&#8243; custom_padding=&#8221;|||&#8221; global_colors_info=&#8221;{}&#8221; custom_padding__hover=&#8221;|||&#8221;][et_pb_text _builder_version=&#8221;4.27.3&#8243; text_font=&#8221;||||||||&#8221; header_font=&#8221;||||||||&#8221; header_2_font=&#8221;|600||on|||||&#8221; header_2_text_color=&#8221;#0054ff&#8221; header_2_font_size=&#8221;16px&#8221; header_2_letter_spacing=&#8221;3px&#8221; header_2_line_height=&#8221;1.8em&#8221; header_3_font=&#8221;||||||||&#8221; text_orientation=&#8221;center&#8221; max_width=&#8221;700px&#8221; module_alignment=&#8221;center&#8221; locked=&#8221;off&#8221; global_colors_info=&#8221;{}&#8221;]<h2>HERRAMIENTAS TECNOL\u00d3GICAS<\/h2>[\/et_pb_text][et_pb_image src=&#8221;https:\/\/learningcommunity.cl\/wp\/wp-content\/uploads\/2024\/11\/laptop-computer-writing-work-hand-technology-7742-pxhere.com_.jpg&#8221; title_text=&#8221;laptop-computer-writing-work-hand-technology-7742-pxhere.com&#8221; align=&#8221;center&#8221; align_tablet=&#8221;center&#8221; align_phone=&#8221;&#8221; align_last_edited=&#8221;on|desktop&#8221; _builder_version=&#8221;4.27.3&#8243; positioning=&#8221;relative&#8221; vertical_offset=&#8221;101px&#8221; horizontal_offset=&#8221;0px&#8221; custom_padding=&#8221;0px|||||&#8221; global_colors_info=&#8221;{}&#8221;][\/et_pb_image][\/et_pb_column][\/et_pb_row][et_pb_row column_structure=&#8221;1_2,1_2&#8243; _builder_version=&#8221;4.16&#8243; global_colors_info=&#8221;{}&#8221;][et_pb_column type=&#8221;1_2&#8243; _builder_version=&#8221;4.16&#8243; custom_padding=&#8221;|||&#8221; global_colors_info=&#8221;{}&#8221; custom_padding__hover=&#8221;|||&#8221;][et_pb_blurb title=&#8221;SEO &#038; Analytics Package&#8221; use_icon=&#8221;on&#8221; font_icon=&#8221;&#xe0ec;||divi||400&#8243; icon_color=&#8221;#0054ff&#8221; icon_placement=&#8221;left&#8221; image_icon_width=&#8221;24px&#8221; content_max_width=&#8221;1100px&#8221; _builder_version=&#8221;4.16&#8243; header_font=&#8221;|600||on|||||&#8221; header_font_size=&#8221;14px&#8221; header_letter_spacing=&#8221;2px&#8221; header_line_height=&#8221;1.8em&#8221; body_font=&#8221;||||||||&#8221; body_line_height=&#8221;2em&#8221; custom_margin=&#8221;||20px|&#8221; icon_font_size=&#8221;24px&#8221; global_colors_info=&#8221;{}&#8221;]<p>Vestibulum ac diam sit amet quam vehicula elementum sed sit amet dui. Curabitur arcu erat, accumsan id imperdiet et, porttitor at sem. Curabitur aliquet quam id dui posuere blandit. Vivamus magna justo, lacinia eget consectetur sed, convallis at tellus.<\/p>[\/et_pb_blurb][et_pb_text _builder_version=&#8221;4.16&#8243; text_font=&#8221;||||||||&#8221; text_text_color=&#8221;rgba(0,0,0,0.3)&#8221; text_font_size=&#8221;12px&#8221; text_line_height=&#8221;1.8em&#8221; link_font=&#8221;|700||on|||||&#8221; link_text_color=&#8221;#ff454e&#8221; link_font_size=&#8221;11px&#8221; link_letter_spacing=&#8221;2px&#8221; header_font=&#8221;||||||||&#8221; max_width_tablet=&#8221;&#8221; max_width_phone=&#8221;&#8221; max_width_last_edited=&#8221;on|desktop&#8221; custom_margin=&#8221;|||&#8221; custom_padding=&#8221;|||48px&#8221; locked=&#8221;off&#8221; global_colors_info=&#8221;{}&#8221;]<a href=\"#\">Get a quote \u00bb <\/a>Starts from $500[\/et_pb_text][\/et_pb_column][et_pb_column type=&#8221;1_2&#8243; _builder_version=&#8221;4.16&#8243; custom_padding=&#8221;|||&#8221; global_colors_info=&#8221;{}&#8221; custom_padding__hover=&#8221;|||&#8221;][et_pb_blurb title=&#8221;Build A Subscriber Base&#8221; use_icon=&#8221;on&#8221; font_icon=&#8221;&#xe010;||divi||400&#8243; icon_color=&#8221;#0054ff&#8221; icon_placement=&#8221;left&#8221; image_icon_width=&#8221;24px&#8221; content_max_width=&#8221;1100px&#8221; _builder_version=&#8221;4.16&#8243; header_font=&#8221;|600||on|||||&#8221; header_font_size=&#8221;14px&#8221; header_letter_spacing=&#8221;2px&#8221; header_line_height=&#8221;1.8em&#8221; body_font=&#8221;||||||||&#8221; body_line_height=&#8221;2em&#8221; custom_margin=&#8221;||20px|&#8221; icon_font_size=&#8221;24px&#8221; global_colors_info=&#8221;{}&#8221;]Your content goes here. Edit or remove this text inline or in the module Content settings. You can also style every aspect of this content in the module Design settings and even apply custom CSS to this text in the module Advanced settings.[\/et_pb_blurb][et_pb_text _builder_version=&#8221;4.16&#8243; text_font=&#8221;||||||||&#8221; text_text_color=&#8221;rgba(0,0,0,0.3)&#8221; text_font_size=&#8221;12px&#8221; text_line_height=&#8221;1.8em&#8221; link_font=&#8221;|700||on|||||&#8221; link_text_color=&#8221;#ff454e&#8221; link_font_size=&#8221;11px&#8221; link_letter_spacing=&#8221;2px&#8221; header_font=&#8221;||||||||&#8221; max_width_tablet=&#8221;&#8221; max_width_phone=&#8221;&#8221; max_width_last_edited=&#8221;on|desktop&#8221; custom_margin=&#8221;|||&#8221; custom_padding=&#8221;|||48px&#8221; locked=&#8221;off&#8221; global_colors_info=&#8221;{}&#8221;]<a href=\"#\">Get a quote \u00bb <\/a>Starts from $500[\/et_pb_text][\/et_pb_column][\/et_pb_row][et_pb_row column_structure=&#8221;1_2,1_2&#8243; _builder_version=&#8221;4.16&#8243; global_colors_info=&#8221;{}&#8221;][et_pb_column type=&#8221;1_2&#8243; _builder_version=&#8221;4.16&#8243; custom_padding=&#8221;|||&#8221; global_colors_info=&#8221;{}&#8221; custom_padding__hover=&#8221;|||&#8221;][et_pb_blurb title=&#8221;Website Re-platform or Migration&#8221; use_icon=&#8221;on&#8221; font_icon=&#8221;&#x2b;||divi||400&#8243; icon_color=&#8221;#0054ff&#8221; icon_placement=&#8221;left&#8221; image_icon_width=&#8221;24px&#8221; content_max_width=&#8221;1100px&#8221; _builder_version=&#8221;4.16&#8243; header_font=&#8221;|600||on|||||&#8221; header_font_size=&#8221;14px&#8221; header_letter_spacing=&#8221;2px&#8221; header_line_height=&#8221;1.8em&#8221; body_font=&#8221;||||||||&#8221; body_line_height=&#8221;2em&#8221; custom_margin=&#8221;||20px|&#8221; icon_font_size=&#8221;24px&#8221; global_colors_info=&#8221;{}&#8221;]Your content goes here. Edit or remove this text inline or in the module Content settings. You can also style every aspect of this content in the module Design settings and even apply custom CSS to this text in the module Advanced settings.[\/et_pb_blurb][et_pb_text _builder_version=&#8221;4.16&#8243; text_font=&#8221;||||||||&#8221; text_text_color=&#8221;rgba(0,0,0,0.3)&#8221; text_font_size=&#8221;12px&#8221; text_line_height=&#8221;1.8em&#8221; link_font=&#8221;|700||on|||||&#8221; link_text_color=&#8221;#ff454e&#8221; link_font_size=&#8221;11px&#8221; link_letter_spacing=&#8221;2px&#8221; header_font=&#8221;||||||||&#8221; max_width_tablet=&#8221;&#8221; max_width_phone=&#8221;&#8221; max_width_last_edited=&#8221;on|desktop&#8221; custom_margin=&#8221;|||&#8221; custom_padding=&#8221;|||48px&#8221; locked=&#8221;off&#8221; global_colors_info=&#8221;{}&#8221;]<a href=\"#\">Get a quote \u00bb <\/a>Starts from $500[\/et_pb_text][\/et_pb_column][et_pb_column type=&#8221;1_2&#8243; _builder_version=&#8221;4.16&#8243; custom_padding=&#8221;|||&#8221; global_colors_info=&#8221;{}&#8221; custom_padding__hover=&#8221;|||&#8221;][et_pb_blurb title=&#8221;Build an Online Campaign&#8221; use_icon=&#8221;on&#8221; font_icon=&#8221;&#xe012;||divi||400&#8243; icon_color=&#8221;#0054ff&#8221; icon_placement=&#8221;left&#8221; image_icon_width=&#8221;24px&#8221; content_max_width=&#8221;1100px&#8221; _builder_version=&#8221;4.16&#8243; header_font=&#8221;|600||on|||||&#8221; header_font_size=&#8221;14px&#8221; header_letter_spacing=&#8221;2px&#8221; header_line_height=&#8221;1.8em&#8221; body_font=&#8221;||||||||&#8221; body_line_height=&#8221;2em&#8221; custom_margin=&#8221;||20px|&#8221; icon_font_size=&#8221;24px&#8221; global_colors_info=&#8221;{}&#8221;]Your content goes here. Edit or remove this text inline or in the module Content settings. You can also style every aspect of this content in the module Design settings and even apply custom CSS to this text in the module Advanced settings.[\/et_pb_blurb][et_pb_text _builder_version=&#8221;4.16&#8243; text_font=&#8221;||||||||&#8221; text_text_color=&#8221;rgba(0,0,0,0.3)&#8221; text_font_size=&#8221;12px&#8221; text_line_height=&#8221;1.8em&#8221; link_font=&#8221;|700||on|||||&#8221; link_text_color=&#8221;#ff454e&#8221; link_font_size=&#8221;11px&#8221; link_letter_spacing=&#8221;2px&#8221; header_font=&#8221;||||||||&#8221; max_width_tablet=&#8221;&#8221; max_width_phone=&#8221;&#8221; max_width_last_edited=&#8221;on|desktop&#8221; custom_margin=&#8221;|||&#8221; custom_padding=&#8221;|||48px&#8221; locked=&#8221;off&#8221; global_colors_info=&#8221;{}&#8221;]<a href=\"#\">Get a quote \u00bb <\/a>Starts from $500[\/et_pb_text][\/et_pb_column][\/et_pb_row][\/et_pb_section]\n","protected":false},"excerpt":{"rendered":"<p>Website Development Asesor\u00edas en Gesti\u00f3n Administrativa: Optimizaci\u00f3n de procesos organizacionales para empresas e instituciones. Implementaci\u00f3n de estrategias de liderazgo y manejo de equipos.Formaci\u00f3n en Inteligencia Emocional y Coaching: &nbsp; Talleres para desarrollar competencias emocionales en equipos de trabajo. Coaching e inteligencia emocional. Sesiones para potenciar habilidades docentes y mejorar la convivencia escolar. Estrategias basadas en [&hellip;]<\/p>\n","protected":false},"author":1,"featured_media":0,"parent":0,"menu_order":0,"comment_status":"closed","ping_status":"closed","template":"custom-template","meta":{"_et_pb_use_builder":"on","_et_pb_old_content":"","_et_gb_content_width":"","footnotes":""},"class_list":["post-83","page","type-page","status-publish","hentry"],"_links":{"self":[{"href":"https:\/\/learningcommunity.cl\/wp\/index.php?rest_route=\/wp\/v2\/pages\/83","targetHints":{"allow":["GET"]}}],"collection":[{"href":"https:\/\/learningcommunity.cl\/wp\/index.php?rest_route=\/wp\/v2\/pages"}],"about":[{"href":"https:\/\/learningcommunity.cl\/wp\/index.php?rest_route=\/wp\/v2\/types\/page"}],"author":[{"embeddable":true,"href":"https:\/\/learningcommunity.cl\/wp\/index.php?rest_route=\/wp\/v2\/users\/1"}],"replies":[{"embeddable":true,"href":"https:\/\/learningcommunity.cl\/wp\/index.php?rest_route=%2Fwp%2Fv2%2Fcomments&post=83"}],"version-history":[{"count":58,"href":"https:\/\/learningcommunity.cl\/wp\/index.php?rest_route=\/wp\/v2\/pages\/83\/revisions"}],"predecessor-version":[{"id":601,"href":"https:\/\/learningcommunity.cl\/wp\/index.php?rest_route=\/wp\/v2\/pages\/83\/revisions\/601"}],"wp:attachment":[{"href":"https:\/\/learningcommunity.cl\/wp\/index.php?rest_route=%2Fwp%2Fv2%2Fmedia&parent=83"}],"curies":[{"name":"wp","href":"https:\/\/api.w.org\/{rel}","templated":true}]}}