{"id":10,"date":"2023-07-25T13:23:50","date_gmt":"2023-07-25T13:23:50","guid":{"rendered":"https:\/\/learningcommunity.cl\/wp\/?page_id=10"},"modified":"2024-11-25T15:02:18","modified_gmt":"2024-11-25T15:02:18","slug":"inicio","status":"publish","type":"page","link":"https:\/\/learningcommunity.cl\/wp\/","title":{"rendered":"Inicio"},"content":{"rendered":"<p>[et_pb_section fb_built=&#8221;1&#8243; admin_label=&#8221;Header&#8221; _builder_version=&#8221;4.21.0&#8243; background_color=&#8221;gcid-8020c5c5-3063-43d3-92c5-9fcdd948cb76&#8243; overflow-x=&#8221;hidden&#8221; overflow-y=&#8221;hidden&#8221; locked=&#8221;off&#8221; collapsed=&#8221;on&#8221; global_colors_info=&#8221;{}&#8221;][et_pb_row column_structure=&#8221;3_4,1_4&#8243; _builder_version=&#8221;4.21.0&#8243; global_colors_info=&#8221;{}&#8221;][et_pb_column type=&#8221;3_4&#8243; _builder_version=&#8221;4.21.0&#8243; global_colors_info=&#8221;{}&#8221;][et_pb_text _builder_version=&#8221;4.21.0&#8243; header_font=&#8221;Poppins|500|||||||&#8221; header_text_color=&#8221;gcid-9bc549a6-6baa-437d-870d-a5c4631249b2&#8243; header_font_size=&#8221;72px&#8221; header_line_height=&#8221;1.2em&#8221; custom_margin=&#8221;-75px||10px||false|false&#8221; header_font_size_tablet=&#8221;40px&#8221; header_font_size_phone=&#8221;24px&#8221; header_font_size_last_edited=&#8221;on|desktop&#8221; global_colors_info=&#8221;{}&#8221;]<\/p>\n<h1>Potenciando el Aprendizaje, la Gesti\u00f3n y el Desarrollo Profesional<\/h1>\n<p>[\/et_pb_text][et_pb_button button_url=&#8221;https:\/\/learningcommunity.cl\/wp\/?page_id=83&#8243; button_text=&#8221;Servicios&#8221; _builder_version=&#8221;4.16&#8243; custom_button=&#8221;on&#8221; button_text_size=&#8221;14px&#8221; button_text_color=&#8221;#FFFFFF&#8221; button_bg_color=&#8221;#8139ff&#8221; button_border_width=&#8221;0px&#8221; button_border_radius=&#8221;100px&#8221; button_letter_spacing=&#8221;0.1em&#8221; button_font=&#8221;Poppins|700||on|||||&#8221; button_icon=&#8221;&#x35;||divi||400&#8243; custom_padding=&#8221;12px|24px|12px|24px|true|true&#8221; global_colors_info=&#8221;{}&#8221;][\/et_pb_button][et_pb_text _builder_version=&#8221;4.16&#8243; header_2_font=&#8221;Poppins|500|||||||&#8221; header_2_font_size=&#8221;52px&#8221; header_2_line_height=&#8221;1.2em&#8221; custom_margin=&#8221;||10px||false|false&#8221; header_2_font_size_tablet=&#8221;32px&#8221; header_2_font_size_phone=&#8221;20px&#8221; header_2_font_size_last_edited=&#8221;on|desktop&#8221; locked=&#8221;off&#8221; global_colors_info=&#8221;{}&#8221;]<\/p>\n<h2>Descripci\u00f3n<\/h2>\n<p>[\/et_pb_text][et_pb_text _builder_version=&#8221;4.16&#8243; text_font=&#8221;Poppins||||||||&#8221; text_font_size=&#8221;16px&#8221; text_line_height=&#8221;1.8em&#8221; custom_margin=&#8221;|-1px||||&#8221; text_font_size_tablet=&#8221;15px&#8221; text_font_size_phone=&#8221;14px&#8221; text_font_size_last_edited=&#8221;on|desktop&#8221; global_colors_info=&#8221;{}&#8221;]<\/p>\n<p style=\"text-align: justify;\">Bienvenido a mi espacio profesional. Soy Carlos Espinoza, Doctor en Ciencias de la Administraci\u00f3n y especialista en educaci\u00f3n, coaching e inteligencia emocional. Con m\u00e1s de dos d\u00e9cadas de experiencia en ense\u00f1anza, gesti\u00f3n educativa y tecnolog\u00edas, estoy comprometido en brindar soluciones innovadoras y personalizadas para el aprendizaje y desarrollo profesional.<\/p>\n<p style=\"text-align: justify;\">Explora mis servicios y descubre c\u00f3mo podemos trabajar juntos hacia el \u00e9xito.<\/p>\n<p>[\/et_pb_text][\/et_pb_column][et_pb_column type=&#8221;1_4&#8243; _builder_version=&#8221;4.21.0&#8243; global_colors_info=&#8221;{}&#8221;][et_pb_image src=&#8221;https:\/\/learningcommunity.cl\/wp\/wp-content\/uploads\/2024\/11\/logo1.png&#8221; title_text=&#8221;ai-generator-8&#8243; align=&#8221;right&#8221; _builder_version=&#8221;4.16&#8243; max_height=&#8221;136px&#8221; global_colors_info=&#8221;{}&#8221;][\/et_pb_image][\/et_pb_column][\/et_pb_row][et_pb_row column_structure=&#8221;1_2,1_2&#8243; _builder_version=&#8221;4.21.0&#8243; global_colors_info=&#8221;{}&#8221;][et_pb_column type=&#8221;1_2&#8243; _builder_version=&#8221;4.21.0&#8243; z_index=&#8221;10&#8243; global_colors_info=&#8221;{}&#8221;][et_pb_image src=&#8221;https:\/\/learningcommunity.cl\/wp\/wp-content\/uploads\/2024\/11\/ai-generator-13.jpg&#8221; title_text=&#8221;ai-generator-13&#8243; _builder_version=&#8221;4.16&#8243; z_index=&#8221;1&#8243; width=&#8221;50%&#8221; border_radii=&#8221;on|20px|20px|20px|20px&#8221; global_colors_info=&#8221;{}&#8221;][\/et_pb_image][et_pb_image src=&#8221;https:\/\/learningcommunity.cl\/wp\/wp-content\/uploads\/2024\/11\/58791-scaled.jpg&#8221; title_text=&#8221;ai-generator-50&#8243; _builder_version=&#8221;4.16&#8243; width=&#8221;70%&#8221; module_alignment=&#8221;center&#8221; custom_margin=&#8221;-20%|||-46px|false|false&#8221; border_radii=&#8221;on|20px|20px|20px|20px&#8221; global_colors_info=&#8221;{}&#8221;][\/et_pb_image][et_pb_image src=&#8221;https:\/\/learningcommunity.cl\/wp\/wp-content\/uploads\/2024\/11\/ai-generator-14.jpg&#8221; title_text=&#8221;ai-generator-14&#8243; align=&#8221;right&#8221; _builder_version=&#8221;4.16&#8243; width=&#8221;75%&#8221; custom_margin=&#8221;|-10vw|||false|false&#8221; border_radii=&#8221;on|20px|20px|20px|20px&#8221; global_colors_info=&#8221;{}&#8221;][\/et_pb_image][\/et_pb_column][et_pb_column type=&#8221;1_2&#8243; _builder_version=&#8221;4.21.0&#8243; global_colors_info=&#8221;{}&#8221;][et_pb_image src=&#8221;https:\/\/learningcommunity.cl\/wp\/wp-content\/uploads\/2024\/11\/2781689.jpg&#8221; title_text=&#8221;ai-generator-11&#8243; _builder_version=&#8221;4.16&#8243; border_radii=&#8221;on|20px|20px|20px|20px&#8221; global_colors_info=&#8221;{}&#8221;][\/et_pb_image][\/et_pb_column][\/et_pb_row][\/et_pb_section]<\/p>\n","protected":false},"excerpt":{"rendered":"<p>Potenciando el Aprendizaje, la Gesti\u00f3n y el Desarrollo ProfesionalDescripci\u00f3nBienvenido a mi espacio profesional. Soy Carlos Espinoza, Doctor en Ciencias de la Administraci\u00f3n y especialista en educaci\u00f3n, coaching e inteligencia emocional. Con m\u00e1s de dos d\u00e9cadas de experiencia en ense\u00f1anza, gesti\u00f3n educativa y tecnolog\u00edas, estoy comprometido en brindar soluciones innovadoras y personalizadas para el aprendizaje y [&hellip;]<\/p>\n","protected":false},"author":1,"featured_media":0,"parent":0,"menu_order":0,"comment_status":"closed","ping_status":"closed","template":"","meta":{"_et_pb_use_builder":"on","_et_pb_old_content":"","_et_gb_content_width":"","footnotes":""},"class_list":["post-10","page","type-page","status-publish","hentry"],"_links":{"self":[{"href":"https:\/\/learningcommunity.cl\/wp\/index.php?rest_route=\/wp\/v2\/pages\/10","targetHints":{"allow":["GET"]}}],"collection":[{"href":"https:\/\/learningcommunity.cl\/wp\/index.php?rest_route=\/wp\/v2\/pages"}],"about":[{"href":"https:\/\/learningcommunity.cl\/wp\/index.php?rest_route=\/wp\/v2\/types\/page"}],"author":[{"embeddable":true,"href":"https:\/\/learningcommunity.cl\/wp\/index.php?rest_route=\/wp\/v2\/users\/1"}],"replies":[{"embeddable":true,"href":"https:\/\/learningcommunity.cl\/wp\/index.php?rest_route=%2Fwp%2Fv2%2Fcomments&post=10"}],"version-history":[{"count":20,"href":"https:\/\/learningcommunity.cl\/wp\/index.php?rest_route=\/wp\/v2\/pages\/10\/revisions"}],"predecessor-version":[{"id":586,"href":"https:\/\/learningcommunity.cl\/wp\/index.php?rest_route=\/wp\/v2\/pages\/10\/revisions\/586"}],"wp:attachment":[{"href":"https:\/\/learningcommunity.cl\/wp\/index.php?rest_route=%2Fwp%2Fv2%2Fmedia&parent=10"}],"curies":[{"name":"wp","href":"https:\/\/api.w.org\/{rel}","templated":true}]}}